{"id":13233,"date":"2009-11-26T12:10:19","date_gmt":"2009-11-26T17:10:19","guid":{"rendered":"https:\/\/www.acluva.org\/?page_id=13233"},"modified":"2025-07-11T10:33:08","modified_gmt":"2025-07-11T14:33:08","slug":"obtenga-ayuda","status":"publish","type":"page","link":"https:\/\/www.acluva.org\/es\/obtenga-ayuda\/","title":{"rendered":"Obtenga ayuda"},"content":{"rendered":"","protected":false},"excerpt":{"rendered":"<p>Si usted cree que se han infringido sus derechos civiles o libertades civiles en Virginia y est\u00e1 buscando ayuda legal, por favor, env\u00ede cualquier solicitud de asistencia legal a intake@acluva.org e incluya la mayor cantidad de informaci\u00f3n posible sobre su situaci\u00f3n.<\/p>\n","protected":false},"author":5,"featured_media":13407,"parent":0,"menu_order":0,"comment_status":"closed","ping_status":"closed","template":"","meta":{"_acf_changed":false,"_relevanssi_hide_post":"","_relevanssi_hide_content":"","_relevanssi_pin_for_all":"","_relevanssi_pin_keywords":"","_relevanssi_unpin_keywords":"","_relevanssi_related_keywords":"","_relevanssi_related_include_ids":"","_relevanssi_related_exclude_ids":"","_relevanssi_related_no_append":"","_relevanssi_related_not_related":"","_relevanssi_related_posts":"","_relevanssi_noindex_reason":"","footnotes":""},"class_list":["post-13233","page","type-page","status-publish","has-post-thumbnail","hentry"],"acf":{"layout":"default","header-group":{"header-description":"Si usted cree que se han infringido sus derechos civiles o libertades civiles en Virginia y est\u00e1 buscando ayuda legal, por favor, env\u00ede cualquier solicitud de asistencia legal a intake@acluva.org e incluya la mayor cantidad de informaci\u00f3n posible sobre su situaci\u00f3n.","show-subnav":false,"hide-from-subnav":false},"components":[{"acf_fc_layout":"text","text":{"text":"Si usted cree que se han infringido sus derechos civiles o libertades civiles en Virginia y est\u00e1 buscando ayuda legal, por favor, env\u00ede cualquier solicitud de asistencia legal a intake@acluva.org e incluya la mayor cantidad de informaci\u00f3n posible sobre su situaci\u00f3n.\r\n\r\n<em>Tenga en cuenta que la ACLU no es una agencia gubernamental ni una organizaci\u00f3n general de servicios legales, y normalmente no proveemos servicios de emergencia. La ACLU de Virginia recibe miles de solicitudes de asistencia cada a\u00f1o, y no podemos dar curso a la mayor\u00eda de los casos que se nos presentan. Nos pondremos en contacto con usted si necesitamos informaci\u00f3n adicional sobre su presentaci\u00f3n.<\/em>\r\n\r\nTambi\u00e9n puede <a href=\"https:\/\/www.acluva.org\/app\/uploads\/2025\/06\/intake_form_espanol_2023.pdf\" target=\"_blank\" rel=\"noopener\">descargar nuestro formulario de admisi\u00f3n aqu\u00ed<\/a> y enviarlo por correo o fax a nuestra oficina.\r\n\r\nSi busca ayuda por un problema que ocurri\u00f3 en otro estado, consulte el <a href=\"https:\/\/www.aclu.org\/about\/affiliates\" target=\"_blank\" rel=\"noopener\">directorio nacional de oficinas de la ACLU.<\/a>"}},{"acf_fc_layout":"heading","heading":{"":null,"text":"Informaci\u00f3n para votantes","anchor":"","sub-heading":"","type":"h3","heading-style":"standard"}},{"acf_fc_layout":"text","text":{"text":"Si ha perdido su derecho al voto y busca ayuda para restablecerlo, <a href=\"https:\/\/www.acluva.org\/get-help\/voter-restoration\/\" target=\"_blank\" rel=\"noopener\">lea m\u00e1s sobre el restablecimiento del derecho al voto.<\/a>\r\n\r\nSi tiene otras inquietudes relacionadas con el voto, p\u00f3ngase en contacto con la <strong>L\u00ednea directa de protecci\u00f3n electoral:<\/strong>\r\n<ul>\r\n \t<li><strong>Ingl\u00e9s:<\/strong> 866-OUR-VOTE (866-687-8683)<\/li>\r\n \t<li><strong>Espa\u00f1ol:<\/strong> 888-VE-Y-VOTA (888-839-8682)<\/li>\r\n \t<li><strong>Idioma asi\u00e1tico\/isle\u00f1o del Pac\u00edfico:<\/strong> 888-API-VOTE (888-274-8683)<\/li>\r\n \t<li><strong>\u00c1rabe:<\/strong> 844-YALLA-US (844-925-5287)<\/li>\r\n<\/ul>"}},{"acf_fc_layout":"heading","heading":{"":null,"text":"Recursos adicionales","anchor":"","sub-heading":"","type":"h3","heading-style":"standard"}},{"acf_fc_layout":"text","text":{"text":"Si necesita ayuda con otro asunto, o si la ACLU de Virginia no puede ayudarle, consulte nuestra <a href=\"https:\/\/www.acluva.org\/en\/get-help\/links-other-resources\" target=\"_blank\" rel=\"noopener\">lista de recursos<\/a> y la <a href=\"https:\/\/www.acluva.org\/app\/uploads\/drupal\/sites\/default\/files\/aclu_resource_one-pager_final.pdf\">informaci\u00f3n de contacto<\/a> de otras organizaciones."}}],"section":null,"issues":[2513],"related_content":null,"documents":[{"name":"ACLU of Virginia Intake Form Espanol","file":13235}]},"yoast_head":"<!-- This site is optimized with the Yoast SEO plugin v24.9 - https:\/\/yoast.com\/wordpress\/plugins\/seo\/ -->\n<title>Obtenga ayuda - ACLU of Virginia<\/title>\n<meta name=\"robots\" content=\"index, follow, max-snippet:-1, max-image-preview:large, max-video-preview:-1\" \/>\n<link rel=\"canonical\" href=\"https:\/\/www.acluva.org\/es\/obtenga-ayuda\/\" \/>\n<meta property=\"og:locale\" content=\"es_ES\" \/>\n<meta property=\"og:type\" content=\"article\" \/>\n<meta property=\"og:title\" content=\"Obtenga ayuda - ACLU of Virginia\" \/>\n<meta property=\"og:description\" content=\"Si usted cree que se han infringido sus derechos civiles o libertades civiles en Virginia y est\u00e1 buscando ayuda legal, por favor, env\u00ede cualquier solicitud de asistencia legal a intake@acluva.org e incluya la mayor cantidad de informaci\u00f3n posible sobre su situaci\u00f3n.\" \/>\n<meta property=\"og:url\" content=\"https:\/\/www.acluva.org\/es\/obtenga-ayuda\/\" \/>\n<meta property=\"og:site_name\" content=\"ACLU of Virginia\" \/>\n<meta property=\"article:modified_time\" content=\"2025-07-11T14:33:08+00:00\" \/>\n<meta property=\"og:image\" content=\"https:\/\/www.acluva.org\/app\/uploads\/2025\/06\/Get-Help-scaled.png\" \/>\n\t<meta property=\"og:image:width\" content=\"2560\" \/>\n\t<meta property=\"og:image:height\" content=\"1280\" \/>\n\t<meta property=\"og:image:type\" content=\"image\/png\" \/>\n<meta name=\"twitter:card\" content=\"summary_large_image\" \/>\n<script type=\"application\/ld+json\" class=\"yoast-schema-graph\">{\"@context\":\"https:\/\/schema.org\",\"@graph\":[{\"@type\":\"WebPage\",\"@id\":\"https:\/\/www.acluva.org\/es\/obtenga-ayuda\/\",\"url\":\"https:\/\/www.acluva.org\/es\/obtenga-ayuda\/\",\"name\":\"Obtenga ayuda - ACLU of Virginia\",\"isPartOf\":{\"@id\":\"https:\/\/www.acluva.org\/#website\"},\"primaryImageOfPage\":{\"@id\":\"https:\/\/www.acluva.org\/es\/obtenga-ayuda\/#primaryimage\"},\"image\":{\"@id\":\"https:\/\/www.acluva.org\/es\/obtenga-ayuda\/#primaryimage\"},\"thumbnailUrl\":\"https:\/\/www.acluva.org\/app\/uploads\/2025\/06\/Get-Help-scaled.png\",\"datePublished\":\"2009-11-26T17:10:19+00:00\",\"dateModified\":\"2025-07-11T14:33:08+00:00\",\"inLanguage\":\"es-ES\",\"potentialAction\":[{\"@type\":\"ReadAction\",\"target\":[\"https:\/\/www.acluva.org\/es\/obtenga-ayuda\/\"]}]},{\"@type\":\"ImageObject\",\"inLanguage\":\"es-ES\",\"@id\":\"https:\/\/www.acluva.org\/es\/obtenga-ayuda\/#primaryimage\",\"url\":\"https:\/\/www.acluva.org\/app\/uploads\/2025\/06\/Get-Help-scaled.png\",\"contentUrl\":\"https:\/\/www.acluva.org\/app\/uploads\/2025\/06\/Get-Help-scaled.png\",\"width\":2560,\"height\":1280,\"caption\":\"Lady justice is over top a photo of the Virginia capitol and an abstract yellow shape.\"},{\"@type\":\"WebSite\",\"@id\":\"https:\/\/www.acluva.org\/#website\",\"url\":\"https:\/\/www.acluva.org\/\",\"name\":\"ACLU of Virginia\",\"description\":\"\",\"publisher\":{\"@id\":\"https:\/\/www.acluva.org\/#organization\"},\"potentialAction\":[{\"@type\":\"SearchAction\",\"target\":{\"@type\":\"EntryPoint\",\"urlTemplate\":\"https:\/\/www.acluva.org\/?s={search_term_string}\"},\"query-input\":{\"@type\":\"PropertyValueSpecification\",\"valueRequired\":true,\"valueName\":\"search_term_string\"}}],\"inLanguage\":\"es-ES\"},{\"@type\":\"Organization\",\"@id\":\"https:\/\/www.acluva.org\/#organization\",\"name\":\"ACLU of Virginia\",\"url\":\"https:\/\/www.acluva.org\/\",\"logo\":{\"@type\":\"ImageObject\",\"inLanguage\":\"es-ES\",\"@id\":\"https:\/\/www.acluva.org\/#\/schema\/logo\/image\/\",\"url\":\"https:\/\/www.acluva.org\/app\/uploads\/2025\/08\/Virginia_Color-Logo_RGB.png\",\"contentUrl\":\"https:\/\/www.acluva.org\/app\/uploads\/2025\/08\/Virginia_Color-Logo_RGB.png\",\"width\":2000,\"height\":2000,\"caption\":\"ACLU of Virginia\"},\"image\":{\"@id\":\"https:\/\/www.acluva.org\/#\/schema\/logo\/image\/\"}}]}<\/script>\n<!-- \/ Yoast SEO plugin. -->","yoast_head_json":{"title":"Obtenga ayuda - ACLU of Virginia","robots":{"index":"index","follow":"follow","max-snippet":"max-snippet:-1","max-image-preview":"max-image-preview:large","max-video-preview":"max-video-preview:-1"},"canonical":"https:\/\/www.acluva.org\/es\/obtenga-ayuda\/","og_locale":"es_ES","og_type":"article","og_title":"Obtenga ayuda - ACLU of Virginia","og_description":"Si usted cree que se han infringido sus derechos civiles o libertades civiles en Virginia y est\u00e1 buscando ayuda legal, por favor, env\u00ede cualquier solicitud de asistencia legal a intake@acluva.org e incluya la mayor cantidad de informaci\u00f3n posible sobre su situaci\u00f3n.","og_url":"https:\/\/www.acluva.org\/es\/obtenga-ayuda\/","og_site_name":"ACLU of Virginia","article_modified_time":"2025-07-11T14:33:08+00:00","og_image":[{"width":2560,"height":1280,"url":"https:\/\/www.acluva.org\/app\/uploads\/2025\/06\/Get-Help-scaled.png","type":"image\/png"}],"twitter_card":"summary_large_image","schema":{"@context":"https:\/\/schema.org","@graph":[{"@type":"WebPage","@id":"https:\/\/www.acluva.org\/es\/obtenga-ayuda\/","url":"https:\/\/www.acluva.org\/es\/obtenga-ayuda\/","name":"Obtenga ayuda - ACLU of Virginia","isPartOf":{"@id":"https:\/\/www.acluva.org\/#website"},"primaryImageOfPage":{"@id":"https:\/\/www.acluva.org\/es\/obtenga-ayuda\/#primaryimage"},"image":{"@id":"https:\/\/www.acluva.org\/es\/obtenga-ayuda\/#primaryimage"},"thumbnailUrl":"https:\/\/www.acluva.org\/app\/uploads\/2025\/06\/Get-Help-scaled.png","datePublished":"2009-11-26T17:10:19+00:00","dateModified":"2025-07-11T14:33:08+00:00","inLanguage":"es-ES","potentialAction":[{"@type":"ReadAction","target":["https:\/\/www.acluva.org\/es\/obtenga-ayuda\/"]}]},{"@type":"ImageObject","inLanguage":"es-ES","@id":"https:\/\/www.acluva.org\/es\/obtenga-ayuda\/#primaryimage","url":"https:\/\/www.acluva.org\/app\/uploads\/2025\/06\/Get-Help-scaled.png","contentUrl":"https:\/\/www.acluva.org\/app\/uploads\/2025\/06\/Get-Help-scaled.png","width":2560,"height":1280,"caption":"Lady justice is over top a photo of the Virginia capitol and an abstract yellow shape."},{"@type":"WebSite","@id":"https:\/\/www.acluva.org\/#website","url":"https:\/\/www.acluva.org\/","name":"ACLU of Virginia","description":"","publisher":{"@id":"https:\/\/www.acluva.org\/#organization"},"potentialAction":[{"@type":"SearchAction","target":{"@type":"EntryPoint","urlTemplate":"https:\/\/www.acluva.org\/?s={search_term_string}"},"query-input":{"@type":"PropertyValueSpecification","valueRequired":true,"valueName":"search_term_string"}}],"inLanguage":"es-ES"},{"@type":"Organization","@id":"https:\/\/www.acluva.org\/#organization","name":"ACLU of Virginia","url":"https:\/\/www.acluva.org\/","logo":{"@type":"ImageObject","inLanguage":"es-ES","@id":"https:\/\/www.acluva.org\/#\/schema\/logo\/image\/","url":"https:\/\/www.acluva.org\/app\/uploads\/2025\/08\/Virginia_Color-Logo_RGB.png","contentUrl":"https:\/\/www.acluva.org\/app\/uploads\/2025\/08\/Virginia_Color-Logo_RGB.png","width":2000,"height":2000,"caption":"ACLU of Virginia"},"image":{"@id":"https:\/\/www.acluva.org\/#\/schema\/logo\/image\/"}}]}},"distributor_meta":false,"distributor_terms":false,"distributor_media":false,"distributor_original_site_name":"ACLU of Virginia","distributor_original_site_url":"https:\/\/www.acluva.org\/es\/","push-errors":false,"_links":{"self":[{"href":"https:\/\/www.acluva.org\/es\/wp-json\/wp\/v2\/pages\/13233","targetHints":{"allow":["GET"]}}],"collection":[{"href":"https:\/\/www.acluva.org\/es\/wp-json\/wp\/v2\/pages"}],"about":[{"href":"https:\/\/www.acluva.org\/es\/wp-json\/wp\/v2\/types\/page"}],"author":[{"embeddable":true,"href":"https:\/\/www.acluva.org\/es\/wp-json\/wp\/v2\/users\/5"}],"replies":[{"embeddable":true,"href":"https:\/\/www.acluva.org\/es\/wp-json\/wp\/v2\/comments?post=13233"}],"version-history":[{"count":3,"href":"https:\/\/www.acluva.org\/es\/wp-json\/wp\/v2\/pages\/13233\/revisions"}],"predecessor-version":[{"id":13943,"href":"https:\/\/www.acluva.org\/es\/wp-json\/wp\/v2\/pages\/13233\/revisions\/13943"}],"acf:post":[{"embeddable":true,"href":"https:\/\/www.acluva.org\/es\/wp-json\/wp\/v2\/issue\/2513"}],"wp:featuredmedia":[{"embeddable":true,"href":"https:\/\/www.acluva.org\/es\/wp-json\/wp\/v2\/media\/13407"}],"wp:attachment":[{"href":"https:\/\/www.acluva.org\/es\/wp-json\/wp\/v2\/media?parent=13233"}],"curies":[{"name":"wp","href":"https:\/\/api.w.org\/{rel}","templated":true}]}}